{"id":1014,"date":"2022-12-16T15:46:27","date_gmt":"2022-12-16T15:46:27","guid":{"rendered":"https:\/\/flokkdesign.com\/?page_id=1014"},"modified":"2022-12-26T12:20:51","modified_gmt":"2022-12-26T12:20:51","slug":"terms-conditions","status":"publish","type":"page","link":"https:\/\/flokkdesign.com\/no\/terms-conditions\/","title":{"rendered":"Vilk\u00e5r og betingelser"},"content":{"rendered":"<p>Nedenfor finner du vilk\u00e5r og betingelser fra Flokk Design van Dorst. Ta deg tid til \u00e5 lese gjennom v\u00e5re vilk\u00e5r og betingelser grundig og s\u00f8rg for at du forst\u00e5r dem f\u00f8r du starter et prosjekt med oss. Ved \u00e5 be om design og\/eller tjenester fra Flokk Design van Dorst godtar du v\u00e5re vilk\u00e5r og betingelser og du er klar over at du inng\u00e5r en bindende kontrakt \u2013 betaling kreves.\u00a0<\/p>\n\n\n\n<p><strong>General<\/strong><\/p>\n\n\n\n<ul class=\"wp-block-list\">\n<li>Vilk\u00e5rene gjelder for alle tilbud og avtaler.<\/li>\n\n\n\n<li>Hver klient antas \u00e5 ha lest v\u00e5re generelle salgsvilk\u00e5r og \u00e5 akseptere dem.<\/li>\n\n\n\n<li>Eventuelle justeringer eller tillegg fra disse vilk\u00e5rene kan kun gj\u00f8res skriftlig og med konsultasjon og godkjenning fra begge parter.<\/li>\n<\/ul>\n\n\n\n<p><strong><br>Fakturering\/betaling<\/strong><\/p>\n\n\n\n<ul class=\"wp-block-list\">\n<li>Alle fakturaer skal betales innen 30 dager etter fakturadato. Ved manglende betaling p\u00e5 forfall forfaller det etter loven og uten forh\u00e5ndsvarsel en forsinkelsesrente p\u00e5 3 % per m\u00e5ned fra forfall, samt en fast erstatning p\u00e5 10 % av fakturaen. bel\u00f8p med minimum 500 kr. Ved s\u00f8ksm\u00e5l \u00f8kes brutto fakturabel\u00f8p med 20 % pluss renter. Saksomkostninger dekkes av kunden. Manglende betaling av en forfalt faktura fritar oss fra \u00e5 holde tilbake ordrene som er utg\u00e5ende; i s\u00e5 fall kan ikke kunden lenger kreve Flokk Design van Dorsts garanterte leveringstid.<\/li>\n\n\n\n<li>I mangel av full betaling kan arbeidene, leveransene, varene eller tjenestene beholdes for de skyldige bel\u00f8pene.<\/li>\n\n\n\n<li>I mangel av rettidig betaling av \u00e9n faktura, forfaller alle andre krav fra Flokk Design van Dorst mot kunden umiddelbart forfall.<\/li>\n\n\n\n<li>Dersom en bestilling utf\u00f8res i deler, har Flokk Design van Dorst rett til \u00e5 fakturere hver delleveranse.<\/li>\n\n\n\n<li>Dersom en faktura ikke betales p\u00e5 forfallsdato og Flokk Design van Dorst har andre oppdrag fra samme oppdragsgiver i gang, har Flokk Design van Dorst fullmakt til \u00e5 kansellere disse oppdragene eller stanse sin virksomhet, uten at vedkommende oppdragsgiver kan kreve kompensasjon .<\/li>\n\n\n\n<li>Videre er oppdragsgiver forpliktet til \u00e5 refundere Flokk Design van Dorst for alle kostnader Flokk Design van Dorst p\u00e5drar seg for innkreving av de utest\u00e5ende bel\u00f8pene.<\/li>\n\n\n\n<li>Ved forsinket betaling forbeholder Flokk Design van Dorst seg retten til \u00e5 fullstendig blokkere bruken av tjenestene med umiddelbar virkning.<\/li>\n\n\n\n<li>Alle varer levert til oppdragsgiver forblir Flokk Design van Dorsts eiendom inntil alle bel\u00f8p som oppdragsgiver skylder designeren p\u00e5 grunnlag av avtalen inng\u00e5tt mellom partene er innbetalt til Flokk Design van Dorst i sin helhet.<\/li>\n\n\n\n<li>Flokk Design van Dorst er ansvarlig for rettidig fakturering. I samr\u00e5d med oppdragsgiver kan Flokk Design van Dorst belaste avtalt honorar og kostnader som forskudd, i mellomtiden eller periodisk.<\/li>\n\n\n\n<li>Eventuelle fraktkostnader eller transport- og overnattingskostnader er alltid for kundens regning.<br><\/li>\n<\/ul>\n\n\n\n<p><strong>Priser og kostnader<\/strong><\/p>\n\n\n\n<ul class=\"wp-block-list\">\n<li>Flokk Design van Dorst har krav p\u00e5 honorar for gjennomf\u00f8ring av oppdraget. Dette kan best\u00e5 av en timepris, et konsulenthonorar, et fast bel\u00f8p, uansett om det er knyttet til prosjektsummen eller annet honorar som avtales mellom partene.<\/li>\n\n\n\n<li>Tilbudene kan endres p\u00e5 grunn av uforutsett endring i arbeidet.<\/li>\n\n\n\n<li>Alle priser oppgitt av Flokk Design van Dorst, samt avtalte priser, er kun veiledende.<\/li>\n\n\n\n<li>Flokk Design van Dorst har rett til \u00e5 endre eller supplere sine generelle betingelser og priser i mellomtiden.<\/li>\n\n\n\n<li>I tillegg til avtalt honorar kommer de kostnader Flokk Design van Dorst p\u00e5drar seg for utf\u00f8relsen av oppdraget, som kontor-, reise- og oppholdskostnader, kostnader til trykk, kopier, (trykk)tester, prototyper, samt kostnader til tredjeparter for r\u00e5dgivning, produksjon og veiledning mv., refusjonsberettiget. Disse kostnadene er spesifisert p\u00e5 forh\u00e5nd s\u00e5 langt det er mulig, bortsett fra n\u00e5r en p\u00e5slagsprosent er avtalt.<\/li>\n\n\n\n<li>Dersom Flokk Design van Dorst blir tvunget til \u00e5 utf\u00f8re mer eller annet arbeid p\u00e5 grunn av sen eller manglende levering av fullstendige, tydelige data\/materiell, p\u00e5 grunn av endret eller feil oppdrag eller orientering, eller p\u00e5 grunn av ytre forhold, vil disse aktivitetene bli belastet s\u00e6rskilt. . , basert p\u00e5 de vanlige honorarsatsene brukt av Flokk Design van Dorst. Flokk Design van Dorst vil informere byggherren om dette p\u00e5 forh\u00e5nd, med mindre dette ikke er mulig p\u00e5 grunn av omstendigheter eller arbeidets art ikke tillater forsinkelse.<\/li>\n\n\n\n<li>Dersom utf\u00f8relsen av oppdraget blir forsinket eller avbrutt p\u00e5 grunn av forhold som ikke kan tilskrives Flokk Design van Dorst, plikter oppdragsgiver \u00e5 erstatte eventuelle kostnader som dette medf\u00f8rer. Flokk Design van Dorst vil pr\u00f8ve \u00e5 begrense kostnadene s\u00e5 mye som mulig.<\/li>\n<\/ul>\n\n\n\n<p><strong>Flere designere\/designbyr\u00e5er<\/strong><\/p>\n\n\n\n<ul class=\"wp-block-list\">\n<li>Dersom klienten \u00f8nsker \u00e5 gi samme (flere) oppdrag til flere designere\/designbyr\u00e5er samtidig, skal den informere alle involverte designere\/designbyr\u00e5er.<\/li>\n<\/ul>\n\n\n\n<p><strong>Aktiverer tredjeparter<\/strong><\/p>\n\n\n\n<ul class=\"wp-block-list\">\n<li>Med mindre annet er avtalt, leveres oppdrag til tredjepart i forbindelse med utf\u00f8relsen av oppdraget av eller p\u00e5 vegne av oppdragsgiver. P\u00e5 oppdrag fra oppdragsgiver kan Flokk Design van Dorst opptre som autorisert representant for oppdragsgivers regning og risiko. Partene kan avtale et gebyr som avtales n\u00e6rmere for dette.<\/li>\n\n\n\n<li>Dersom Flokk Design van Dorst legger opp et budsjett for tredjeparters kostnader etter oppdrag fra oppdragsgiver, er dette budsjettet veiledende. Om \u00f8nskelig kan FlokkDesign be om tilbud p\u00e5 vegne av klienten.<\/li>\n\n\n\n<li>Dersom Flokk Design van Dorst i utf\u00f8relsen av oppdraget kj\u00f8per varer eller tjenester fra tredjeparter for egen regning og risiko, hvoretter disse varene eller tjenestene videref\u00f8res til oppdragsgiveren, vil bestemmelsene i de alminnelige vilk\u00e5rene til og \/eller egne avtaler gjelder. med leverand\u00f8ren med hensyn til garanti og ansvar ogs\u00e5 overfor oppdragsgiver.<\/li>\n\n\n\n<li>Oppdragsgiver skal ikke engasjere tredjepart uten \u00e5 konsultere Flokk Design van Dorst dersom dette kan p\u00e5virke utf\u00f8relsen av oppdraget som avtalt med Flokk Design van Dorst. Der det er hensiktsmessig vil partene diskutere hvilke andre entrepren\u00f8rer som skal engasjeres og hvilke arbeider som skal tildeles dem.<\/li>\n\n\n\n<li>Flokk Design van Dorst er ikke ansvarlig for feil eller mangler ved produkter eller tjenester fra tredjepart engasjert av eller p\u00e5 vegne av kunden, uavhengig av om de er introdusert av Flokk Design van Dorst. Oppdragsgiver m\u00e5 selv henvende seg til disse partene. Flokk Design van Dorst kan bist\u00e5 med dette om \u00f8nskelig.<\/li>\n<\/ul>\n\n\n\n<p><strong>Gjennomf\u00f8ringen av avtalen<\/strong><\/p>\n\n\n\n<ul class=\"wp-block-list\">\n<li>Bestillinger m\u00e5 bekreftes av oppdragsgiver skriftlig eller per e-post p\u00e5 grunnlag av tilbudt utarbeidet.&nbsp;<\/li>\n\n\n\n<li>Flokk Design van Dorst og klienten vil delta p\u00e5 en f\u00f8rste konsultasjon uten kostnad for klienten. Dette kan holdes via telefon, online eller personlig. En visuell Brief vil bli konstruert gjennom samlingen av logoer og design. Dette vil hjelpe til med \u00e5 evaluere og formulere kundens krav til forretningsdesign.&nbsp;<\/li>\n<\/ul>\n\n\n\n<ul class=\"wp-block-list\">\n<li>N\u00e5r det er n\u00f8dvendig, vil Flokk Design van Dorst holde byggherren orientert om fremdriften i arbeidet.<\/li>\n\n\n\n<li>Flokk Design van Dorst gj\u00f8r sitt ytterste for \u00e5 utf\u00f8re oppdraget varsomt og uavhengig, for \u00e5 representere kundens interesser etter beste kunnskap og tilstrebe et resultat som er nyttig for kunden, slik det kan og kan forventes av en designer som opptrer rimelig og profesjonelt.<\/li>\n\n\n\n<li>Kunden gj\u00f8r alt som er rimelig n\u00f8dvendig eller \u00f8nskelig for \u00e5 muliggj\u00f8re rettidig og korrekt levering av fullstendige klare data eller materialer.&nbsp;<\/li>\n\n\n\n<li>Et vilk\u00e5r spesifisert av Flokk Design van Dorst for utf\u00f8relsen av oppdraget er veiledende, med mindre annet er skriftlig avtalt.<\/li>\n\n\n\n<li class=\"translation-block\">Med mindre annet er avtalt, inkluderer ikke Flokk Design van Dorsts oppdrag:<br>a. gjennomf\u00f8re tester, s\u00f8ke om tillatelser og vurdere om kundens \u00a0instruksjoner oppfyller juridiske eller kvalitetsstandarder;<br>b. utf\u00f8re forskning p\u00e5 eksistensen av rettigheter, inkludert patentrettigheter, varemerkerettigheter, tegnings- eller designrettigheter, opphavsrettigheter eller portrettrettigheter til tredjeparter;<br>c. \u00e5 forske p\u00e5 muligheten for i sub b. tiltenkte mulige former for beskyttelse for klienten.<\/li>\n\n\n\n<li>Eventuelt tilleggsarbeid, revisjoner eller variasjoner utenfor den originale Visual Brief vil bli belastet med en sats p\u00e5 800 kr per time, fakturert i intervaller p\u00e5 15 minutter. Alle priser er eksklusive mva. Ekstrautgifter vil bli belastet tilsvarende.&nbsp;<\/li>\n<\/ul>\n\n\n\n<p><strong>Rettelser og Trykk klar<\/strong><\/p>\n\n\n\n<ul class=\"wp-block-list\">\n<li>Eventuelle endringer skal kommuniseres skriftlig (e-post eller p\u00e5 pdf).<\/li>\n\n\n\n<li>Verbal, telefon eller rettelser via sosiale medier er p\u00e5 klientens risiko.<\/li>\n\n\n\n<li>F\u00f8r implementering, produksjon, reproduksjon eller publisering vil partene gi hverandre mulighet til \u00e5 kontrollere og godkjenne de nyeste modellene, prototypene eller bevisene p\u00e5 resultatet.<\/li>\n\n\n\n<li>De ulike trykkprosessene betyr forskjell i gjengivelsen av farger.<\/li>\n\n\n\n<li>Avvik i (endelig) resultat i forhold til det som er avtalt er ingen grunn til avvisning, rabatt, kompensasjon eller oppl\u00f8sning av avtalen, dersom disse avvikene, tatt alle forhold i betraktning, er rimelig av underordnet betydning.<\/li>\n\n\n\n<li>Forsinkelser som f\u00f8lge av endringer i den opprinnelige bestillingen er under ingen omstendigheter Flokk Design van Dorsts ansvar.<\/li>\n\n\n\n<li>Varen til utskrift forblir Flokk Design van Dorsts eiendom og kan tjene som bevis i tilfelle en tvist.<\/li>\n<\/ul>\n\n\n\n<p><strong>Immaterielle rettigheter og eiendomsrettigheter<\/strong><\/p>\n\n\n\n<ul class=\"wp-block-list\">\n<li>Designene som leveres, uansett form, forblir Kimberley van Dorsts, Flokk Design van Dorsts eiendom, og kan ikke distribueres p\u00e5 noen m\u00e5te uten skriftlig forh\u00e5ndstillatelse fra oss.<\/li>\n\n\n\n<li>Alle immaterielle rettigheter som f\u00f8lger av oppdraget \u2013 inkludert patentrett, varemerkerettigheter, tegnings- eller designrettigheter og opphavsrett \u2013 p\u00e5 resultatene fra oppdraget tilfaller Flokk Design van Dorst. I den grad en slik rett kun kan oppn\u00e5s gjennom depositum eller registrering, er det kun Flokk Design van Dorst som har fullmakt til dette, med mindre annet er avtalt.<\/li>\n\n\n\n<li>Hvis dette skjer, er man juridisk skyldig i urettferdig konkurranse eller en handling av forfalskning.<\/li>\n\n\n\n<li>Partene kan avtale at rettighetene nevnt i annet ledd overdras helt eller delvis til oppdragsgiver. Denne overf\u00f8ringen og eventuelle vilk\u00e5r for overf\u00f8ringen skjer alltid skriftlig.<\/li>\n\n\n\n<li>Flokk Design van Dorst har frihet til \u00e5 bruke resultatene til egen publisitet, anskaffelse av oppdrag, promotering, herunder konkurranser og utstillinger etc. Dersom du ikke \u00f8nsker dette, m\u00e5 du signere en skriftlig avtale p\u00e5 forh\u00e5nd.<\/li>\n\n\n\n<li>Flokk Design van Dorst har til enhver tid rett til \u00e5 f\u00e5 navnet sitt nevnt eller fjernet p\u00e5, med eller i offentlighet rundt resultatet av oppdraget \u2013 p\u00e5 den m\u00e5ten som er vanlig for dette resultatet.&nbsp;<\/li>\n\n\n\n<li>Uten forh\u00e5ndstillatelse fra Flokk Design van Dorst har oppdragsgiver ikke lov til \u00e5 publisere eller reprodusere resultatet uten \u00e5 nevne navnet til Flokk Design van Dorst.<\/li>\n\n\n\n<li>Med mindre annet er avtalt, (originaler av) resultater (som design, designskisser, konsepter, r\u00e5d, rapporter, budsjetter, estimater, spesifikasjoner, arbeidstegninger, illustrasjoner, bilder, prototyper) laget av Flokk Design van Dorst innenfor rammen av oppdrag forblir , modeller, maler, prototyper, (del)produkter, filmer, (lyd og video) presentasjoner, kildekoder og annet materiale eller (elektroniske) filer etc.) eid av Flokk Design van Dorst, uavhengig av om disse har gjort tilgjengelig for klienten eller for tredjeparter.<\/li>\n\n\n\n<li>Etter fullf\u00f8ring av oppdraget har verken oppdragsgiver eller Flokk Design van Dorst oppbevaringsplikt overfor hverandre med hensyn til materialer og data som er brukt, med mindre annet er avtalt.<\/li>\n\n\n\n<li>Uten skriftlig tillatelse har Oppdragsgiver ikke rett til \u00e5 justere, bruke eller gjenbruke eller utf\u00f8re resultatet av oppdraget bredere eller p\u00e5 annen m\u00e5te enn avtalt, eller f\u00e5 dette utf\u00f8rt av tredjepart. Flokk Design van Dorst kan knytte vilk\u00e5r til denne tillatelsen, inkludert \u00e5 betale en rimelig kompensasjon.<\/li>\n\n\n\n<li>Ved bredere eller annen bruk som det ikke ble oppn\u00e5dd enighet om, herunder endring, lemlestelse eller forringelse av det forel\u00f8pige eller endelige resultatet, har Flokk Design van Dorst krav p\u00e5 erstatning for krenkelse av hans\/hennes rettigheter p\u00e5 minst tre ganger det avtalte. gebyr, eller i det minste en erstatning som st\u00e5r i rimelighet og rimelighet i forhold til overtredelsen som er beg\u00e5tt, uten p\u00e5 annen m\u00e5te \u00e5 miste noen annen rett.<\/li>\n<\/ul>\n\n\n\n<p><strong>Vilk\u00e5r og levering<\/strong><\/p>\n\n\n\n<ul class=\"wp-block-list\">\n<li>Design oppbevares i en standardperiode p\u00e5 1 \u00e5r etter fullf\u00f8rt oppdrag.<\/li>\n\n\n\n<li>Denne perioden kan kun forlenges etter skriftlig anmodning fra klienten. Kostnadene for dette vil bli belastet.<\/li>\n\n\n\n<li>Leveringsperioden starter f\u00f8rst n\u00e5r Flokk Design van Dorst har alle n\u00f8dvendige dokumenter i sin besittelse.<\/li>\n\n\n\n<li>Dagene som g\u00e5r tapt p\u00e5 grunn av manglende godkjenninger fra oppdragsgiver legges til leveringstiden.<\/li>\n\n\n\n<li>Leveringstider oppgis kun som informasjon, med mindre annet er uttrykkelig angitt i bestillingsskjemaet, og er ikke bindende. Forsinkelser i forhold til lovede leveringstider kan ikke gi anledning til oppl\u00f8sning av avtalen eller til kompensasjon for sen gjennomf\u00f8ring.<\/li>\n\n\n\n<li>De avtalte vilk\u00e5rene forlenges p\u00e5 grunn av eventuell forsinkelse fra kundens side med levering av elementer som Flokk Design van Dorst trenger for \u00e5 fullf\u00f8re sin oppgave eller p\u00e5 grunn av forsinkelse i betaling av avtalt pris.<\/li>\n\n\n\n<li>Dersom det er tenkt suksessive leveranser, m\u00e5 hver leveranse betraktes separat som en separat kontrakt, slik at hendelsene knyttet til en leveranse ikke p\u00e5virker en etterleveranse.<\/li>\n\n\n\n<li>Dersom en oppdragsgiver \u00f8nsker \u00e5 forkorte leveringstiden p\u00e5 et oppdrag, er Flokk Design van Dorst berettiget til \u00e5 belaste de tilh\u00f8rende h\u00f8yere kostnader utover avtalt pris.<\/li>\n\n\n\n<li>Alle forsendelser av varer skjer alltid p\u00e5 kj\u00f8pers risiko. All emballasje og fraktkostnader er kundens ansvar, uavhengig av fakturabel\u00f8p.<\/li>\n\n\n\n<li>Flokk Design van Dorst vil erkl\u00e6re et prosjekt som fullf\u00f8rt hvis det ikke er mottatt svar fra klienten innen 14 dager etter \u00e5 ha levert et konseptkunstverk, og dette kunstverket vil bli bestemt som det endelige aksepterte kunstverket. Flokk Design van Dorst vil da fakturere oppdragsgiver for sluttbetaling av totalt prosjekt og manglende betaling vil resultere i inkassoprosesser. Rettslige skritt kan ogs\u00e5 tas av Flokk Design van Dorst for \u00e5 inndrive alle skyldige penger.&nbsp;<\/li>\n<\/ul>\n\n\n\n<p><strong><br>Tilbud og bestillinger<\/strong><\/p>\n\n\n\n<ul class=\"wp-block-list\">\n<li>Tilbud er gyldige i 1 m\u00e5ned. Etter 1 m\u00e5ned utl\u00f8per tilbudet og m\u00e5 tilpasses gjeldende priser.<\/li>\n\n\n\n<li>Prisene som er oppgitt i tilbud, spesifikasjoner og\/eller bestillinger er de som gjelder p\u00e5 tilbudsdagen og inkluderer mva, med mindre annet er oppgitt.<\/li>\n\n\n\n<li>Enhver bestilling, uansett om den er gjort via et offisielt bestillingsskjema eller bekreftet via e-post, eller enhver bestilling p\u00e5 en tjeneste uten at kunden har bedt om et tilbud p\u00e5 forh\u00e5nd, forutsetter kunnskap om og aksept av v\u00e5re priser, priser og generelle salgsbetingelser fra kunden og er bindende.<\/li>\n\n\n\n<li>Pris\u00f8kninger eller andre kostnader som med rimelighet var n\u00f8dvendige, som oppst\u00e5r etter tilbudstidspunktet, men f\u00f8r leveringstidspunktet eller tjenesten, belastes kunden av Flokk Design van Dorst.<\/li>\n\n\n\n<li>Flokk Design van Dorsts tilbud og spesifikasjoner er utarbeidet p\u00e5 grunnlag av instruksjoner gitt av kunden. Enhver endring av dette medf\u00f8rer prisrevisjon.<\/li>\n\n\n\n<li>Nevnte priser og tilbud gjelder ikke automatisk for fremtidige oppdrag<\/li>\n\n\n\n<li>Bestillinger er bindende for kunden fra signering av bestillingsskjemaet, bekreftelse av tilbudet skriftlig eller via e-post, eller ved bekreftelse av foresp\u00f8rsel om en bestemt jobb eller tjeneste fra kunden via e-post.<\/li>\n\n\n\n<li>En ny kontrakt med hensyn til samme produkt og\/eller tjeneste erstatter alle tidligere inng\u00e5tte avtaler.<\/li>\n\n\n\n<li>Flokk Design van Dorst har rett til \u00e5 nekte eller ekskludere kunder fra enkelte eller alle tjenestene den tilbyr.<br><\/li>\n<\/ul>\n\n\n\n<p><strong>Kansellering<\/strong><\/p>\n\n\n\n<ul class=\"wp-block-list\">\n<li>Dersom oppdragsgiver bestemmer seg for \u00e5 avbryte oppdraget etter godkjenning av tilbudet, er han forpliktet til \u00e5 erstatte de arbeidstimer og kostnader som allerede er utf\u00f8rt av Flokk Design van Dorst som kompensasjon, med minimum 25 % av tilbudets totale bel\u00f8p.<\/li>\n\n\n\n<li>Dersom oppdragsgiver hever avtalen uten at Flokk Design van Dorst har unnlatt mislighold, eller hvis Flokk Design van Dorst oppl\u00f8ser avtalen p\u00e5 grunn av en henf\u00f8rbar mangel ved oppdragsgivers oppfyllelse av avtalen, vil oppdragsgiver i tillegg til honoraret og de p\u00e5l\u00f8pte omkostninger for arbeidet som er utf\u00f8rt frem til dette tidspunktet, er erstatningspliktig. Atferd hos oppdragsgiver som Flokk Design van Dorst med rimelighet ikke lenger kan forventes \u00e5 fullf\u00f8re oppdraget p\u00e5 grunnlag av, anses ogs\u00e5 i denne sammenheng som en henf\u00f8rbar mangel.<\/li>\n\n\n\n<li>B\u00e5de oppdragsgiver og Flokk Design van Dorst har rett til umiddelbart \u00e5 heve avtalen helt eller delvis, og alle skyldige bel\u00f8p forfaller umiddelbart til betaling dersom det fremsettes begj\u00e6ring om konkurs, (forel\u00f8pig) betalingsstans eller gjeldssanering. hensyn til den andre parten.<\/li>\n\n\n\n<li>Dersom arbeidet til Flokk Design van Dorst best\u00e5r av gjentatt utf\u00f8relse av lignende arbeid, er dette en kontinuerlig ytelseskontrakt, med mindre annet er skriftlig avtalt. Denne avtalen kan kun sies opp ved skriftlig oppsigelse med overholdelse av en rimelig oppsigelsesfrist p\u00e5 minst tre m\u00e5neder, i denne perioden oppdragsgiver fortsetter \u00e5 kj\u00f8pe vanlig arbeid fra prosjekterende eller vil kompensere \u00f8konomisk.<\/li>\n<\/ul>\n\n\n\n<p><strong>Klager og ansvar<\/strong><\/p>\n\n\n\n<ul class=\"wp-block-list\">\n<li>Enhver klage eller protest m\u00e5 sendes skriftlig og med rekommandert post innen \u00e5tte dager etter levering. Selv om f\u00f8lgeseddelen ikke er signert av klienten, starter denne perioden p\u00e5 \u00e5tte dager umiddelbart etter levering.<\/li>\n\n\n\n<li>Delvis bruk av artiklene resulterer ogs\u00e5 i terminstart.<\/li>\n\n\n\n<li>Levert og betrodd materiale uansett art forblir kundens ansvar.<\/li>\n\n\n\n<li>Flokk Design van Dorst kan ikke holdes ansvarlig for tap eller skade p\u00e5 disse varene.<\/li>\n\n\n\n<li>Dersom oppdragsgiver mener at kostnadene som belastes er feil, kan oppdragsgiver gj\u00f8re innsigelsene kjent for Flokk Design van Dorst innen \u00e5tte (8) dager etter dato p\u00e5 faktura. Etter mottak av innsigelsen vil Flokk Design van Dorst foreta en unders\u00f8kelse av riktigheten av fakturabel\u00f8pet.<\/li>\n\n\n\n<li>Eventuelle protester mot fakturaen m\u00e5 meddeles Flokk Design van Dorst innen \u00e5tte (8) dager etter mottak av fakturaen i rekommandert brev og klart motivert.<\/li>\n\n\n\n<li>Ved en henf\u00f8rbar mangel m\u00e5 Flokk Design van Dorst f\u00f8rst gis skriftlig varsel om mislighold, med rimelig frist for fortsatt \u00e5 oppfylle sine forpliktelser, eller for \u00e5 reparere eventuelle feil eller for \u00e5 begrense eller eliminere skade.<\/li>\n\n\n\n<li>Flokk Design van Dorst er kun ansvarlig overfor oppdragsgiver for direkte skader som kan tilskrives prosjekterende. Ansvar til designeren for indirekte skader, herunder f\u00f8lgeskader, tapt fortjeneste, tapte besparelser, \u00f8delagte eller tapte data eller materialer, eller skade som f\u00f8lge av driftsavbrudd, er utelukket.<\/li>\n\n\n\n<li>Bortsett fra i tilfelle av forsett eller bevisst hensynsl\u00f8shet fra Flokk Design van Dorsts side, er Flokk Design van Dorsts ansvar begrenset til Flokk Design van Dorsts honorar for oppdraget, eller i det minste den delen av oppdraget som ansvaret gjelder. Bel\u00f8pet som prosjekterende er ansvarlig for i det aktuelle tilfellet, reduseres med eventuelle forsikringssummer fra oppdragsgiver.<\/li>\n<\/ul>\n\n\n\n<p>F\u00f8r du bekrefter at du godtar disse vilk\u00e5rene, m\u00e5 du s\u00f8rge for at du forst\u00e5r alle avtalene ovenfor. Hvis du har sp\u00f8rsm\u00e5l eller bekymringer ang\u00e5ende disse vilk\u00e5rene, vennligst kontakt oss f\u00f8r du gir oss beskjed om aksept.<\/p>\n\n\n\n<p><strong>Godtar: <\/strong>Ved \u00e5 akseptere det oppgitte overslaget fra Flokk Design van Dorst godtar du kontrakten ovenfor<\/p>","protected":false},"excerpt":{"rendered":"<p>Below you will find the Terms and Conditions from Flokk Design van Dorst. Please take time to read through our Terms and Conditions thoroughly and ensure you understand them before you commence a project with us. By requesting designs and\/or services from Flokk Design van Dorst, you agree to our Terms and Conditions and you &hellip; <\/p>","protected":false},"author":1,"featured_media":0,"parent":0,"menu_order":0,"comment_status":"closed","ping_status":"closed","template":"","meta":{"iawp_total_views":8,"footnotes":""},"class_list":["post-1014","page","type-page","status-publish","hentry"],"_links":{"self":[{"href":"https:\/\/flokkdesign.com\/no\/wp-json\/wp\/v2\/pages\/1014","targetHints":{"allow":["GET"]}}],"collection":[{"href":"https:\/\/flokkdesign.com\/no\/wp-json\/wp\/v2\/pages"}],"about":[{"href":"https:\/\/flokkdesign.com\/no\/wp-json\/wp\/v2\/types\/page"}],"author":[{"embeddable":true,"href":"https:\/\/flokkdesign.com\/no\/wp-json\/wp\/v2\/users\/1"}],"replies":[{"embeddable":true,"href":"https:\/\/flokkdesign.com\/no\/wp-json\/wp\/v2\/comments?post=1014"}],"version-history":[{"count":0,"href":"https:\/\/flokkdesign.com\/no\/wp-json\/wp\/v2\/pages\/1014\/revisions"}],"wp:attachment":[{"href":"https:\/\/flokkdesign.com\/no\/wp-json\/wp\/v2\/media?parent=1014"}],"curies":[{"name":"wp","href":"https:\/\/api.w.org\/{rel}","templated":true}]}}